{"id":26404,"date":"2024-10-09T15:34:16","date_gmt":"2024-10-09T13:34:16","guid":{"rendered":"https:\/\/attakus.community\/?page_id=26404"},"modified":"2024-10-09T16:49:37","modified_gmt":"2024-10-09T14:49:37","slug":"concours-de-la-campagne-du-monde-daquilon","status":"publish","type":"page","link":"https:\/\/attakus.community\/en\/concours-de-la-campagne-du-monde-daquilon\/","title":{"rendered":"Concours de la campagne du Monde d&rsquo;Aquilon"},"content":{"rendered":"\t\t<div data-elementor-type=\"wp-page\" data-elementor-id=\"26404\" class=\"elementor elementor-26404\">\n\t\t\t\t<div class=\"elementor-element elementor-element-f553517 wd-section-stretch e-flex e-con-boxed e-con e-parent\" data-id=\"f553517\" data-element_type=\"container\" data-e-type=\"container\" data-settings=\"{&quot;background_background&quot;:&quot;gradient&quot;}\">\n\t\t\t\t\t<div class=\"e-con-inner\">\n\t\t\t\t<div class=\"elementor-element elementor-element-2260890 elementor-widget elementor-widget-spacer\" data-id=\"2260890\" data-element_type=\"widget\" data-e-type=\"widget\" data-widget_type=\"spacer.default\">\n\t\t\t\t<div class=\"elementor-widget-container\">\n\t\t\t\t\t\t\t<div class=\"elementor-spacer\">\n\t\t\t<div class=\"elementor-spacer-inner\"><\/div>\n\t\t<\/div>\n\t\t\t\t\t\t<\/div>\n\t\t\t\t<\/div>\n\t\t\t\t<div class=\"elementor-element elementor-element-4cddbf8 color-scheme-light text-center elementor-widget__width-initial elementor-widget elementor-widget-text-editor\" data-id=\"4cddbf8\" data-element_type=\"widget\" data-e-type=\"widget\" data-widget_type=\"text-editor.default\">\n\t\t\t\t<div class=\"elementor-widget-container\">\n\t\t\t\t\t\t\t\t\t<h1><span style=\"color: #ffcc00;\">Le jeu concours du Monde d&rsquo;Aquilon<\/span><\/h1><p>\u00c0 l&rsquo;occasion de notre campagne sur les figurines du Monde d&rsquo;Aquilon, nous vous proposons de participer \u00e0 un jeu concours pour remporter de nombreux prix, figurines et bons de r\u00e9duction.<\/p>\t\t\t\t\t\t\t\t<\/div>\n\t\t\t\t<\/div>\n\t\t<div class=\"elementor-element elementor-element-8bfefb3 e-con-full e-flex e-con e-child\" data-id=\"8bfefb3\" data-element_type=\"container\" data-e-type=\"container\">\n\t\t<div class=\"elementor-element elementor-element-5297403 e-con-full e-flex e-con e-child\" data-id=\"5297403\" data-element_type=\"container\" data-e-type=\"container\">\n\t\t\t\t<div class=\"elementor-element elementor-element-d594004 elementor-widget elementor-widget-spacer\" data-id=\"d594004\" data-element_type=\"widget\" data-e-type=\"widget\" data-widget_type=\"spacer.default\">\n\t\t\t\t<div class=\"elementor-widget-container\">\n\t\t\t\t\t\t\t<div class=\"elementor-spacer\">\n\t\t\t<div class=\"elementor-spacer-inner\"><\/div>\n\t\t<\/div>\n\t\t\t\t\t\t<\/div>\n\t\t\t\t<\/div>\n\t\t\t\t<div class=\"elementor-element elementor-element-996bdfb elementor-widget elementor-widget-image\" data-id=\"996bdfb\" data-element_type=\"widget\" data-e-type=\"widget\" data-widget_type=\"image.default\">\n\t\t\t\t<div class=\"elementor-widget-container\">\n\t\t\t\t\t\t\t\t\t\t\t\t\t\t\t\t<a href=\"https:\/\/attakus.community\/wp-content\/uploads\/2024\/10\/jeu-concours-aquilon-nains-orcs-gabelins-elfes-soleil-attakus-cool-craft-scaled.webp\" data-elementor-open-lightbox=\"yes\" data-e-action-hash=\"#elementor-action%3Aaction%3Dlightbox%26settings%3DeyJpZCI6MjY0NzIsInVybCI6Imh0dHBzOlwvXC9hdHRha3VzLmNvbW11bml0eVwvd3AtY29udGVudFwvdXBsb2Fkc1wvMjAyNFwvMTBcL2pldS1jb25jb3Vycy1hcXVpbG9uLW5haW5zLW9yY3MtZ2FiZWxpbnMtZWxmZXMtc29sZWlsLWF0dGFrdXMtY29vbC1jcmFmdC1zY2FsZWQud2VicCJ9\">\n\t\t\t\t\t\t\t<img decoding=\"async\" width=\"709\" height=\"2560\" src=\"https:\/\/attakus.community\/wp-content\/uploads\/2024\/10\/jeu-concours-aquilon-nains-orcs-gabelins-elfes-soleil-attakus-cool-craft-scaled.webp\" class=\"attachment-full size-full wp-image-26472\" alt=\"\" srcset=\"https:\/\/attakus.community\/wp-content\/uploads\/2024\/10\/jeu-concours-aquilon-nains-orcs-gabelins-elfes-soleil-attakus-cool-craft-scaled.webp 709w, https:\/\/attakus.community\/wp-content\/uploads\/2024\/10\/jeu-concours-aquilon-nains-orcs-gabelins-elfes-soleil-attakus-cool-craft-83x300.webp 83w, https:\/\/attakus.community\/wp-content\/uploads\/2024\/10\/jeu-concours-aquilon-nains-orcs-gabelins-elfes-soleil-attakus-cool-craft-768x2772.webp 768w, https:\/\/attakus.community\/wp-content\/uploads\/2024\/10\/jeu-concours-aquilon-nains-orcs-gabelins-elfes-soleil-attakus-cool-craft-567x2048.webp 567w, https:\/\/attakus.community\/wp-content\/uploads\/2024\/10\/jeu-concours-aquilon-nains-orcs-gabelins-elfes-soleil-attakus-cool-craft-3x12.webp 3w, https:\/\/attakus.community\/wp-content\/uploads\/2024\/10\/jeu-concours-aquilon-nains-orcs-gabelins-elfes-soleil-attakus-cool-craft-860x3104.webp 860w, https:\/\/attakus.community\/wp-content\/uploads\/2024\/10\/jeu-concours-aquilon-nains-orcs-gabelins-elfes-soleil-attakus-cool-craft-430x1552.webp 430w, https:\/\/attakus.community\/wp-content\/uploads\/2024\/10\/jeu-concours-aquilon-nains-orcs-gabelins-elfes-soleil-attakus-cool-craft-700x2527.webp 700w, https:\/\/attakus.community\/wp-content\/uploads\/2024\/10\/jeu-concours-aquilon-nains-orcs-gabelins-elfes-soleil-attakus-cool-craft-200x722.webp 200w, https:\/\/attakus.community\/wp-content\/uploads\/2024\/10\/jeu-concours-aquilon-nains-orcs-gabelins-elfes-soleil-attakus-cool-craft-47x170.webp 47w\" sizes=\"(max-width: 709px) 100vw, 709px\" \/>\t\t\t\t\t\t\t\t<\/a>\n\t\t\t\t\t\t\t\t\t\t\t\t\t\t\t<\/div>\n\t\t\t\t<\/div>\n\t\t\t\t<\/div>\n\t\t<div class=\"elementor-element elementor-element-0225d78 e-con-full e-flex e-con e-child\" data-id=\"0225d78\" data-element_type=\"container\" data-e-type=\"container\">\n\t\t\t\t<div class=\"elementor-element elementor-element-90755df elementor-widget elementor-widget-shortcode\" data-id=\"90755df\" data-element_type=\"widget\" data-e-type=\"widget\" data-widget_type=\"shortcode.default\">\n\t\t\t\t<div class=\"elementor-widget-container\">\n\t\t\t\t\t\t\t<div class=\"elementor-shortcode\">\n\t\n\n\n<style>\n.rafflepress-giveaway-iframe-wrapper iframe {\n\twidth: 1px;\n\tmin-width: 100%;\n\t*width: 100%;\n\t\theight: 600px;\n\t}\n\n.rafflepress_iframe_loading {\n\tbackground-image: url('data:image\/gif;base64,R0lGODlhEAAQAPIAAP\/\/\/wAAAMLCwkJCQgAAAGJiYoKCgpKSkiH\/C05FVFNDQVBFMi4wAwEAAAAh\/hpDcmVhdGVkIHdpdGggYWpheGxvYWQuaW5mbwAh+QQJCgAAACwAAAAAEAAQAAADMwi63P4wyklrE2MIOggZnAdOmGYJRbExwroUmcG2LmDEwnHQLVsYOd2mBzkYDAdKa+dIAAAh+QQJCgAAACwAAAAAEAAQAAADNAi63P5OjCEgG4QMu7DmikRxQlFUYDEZIGBMRVsaqHwctXXf7WEYB4Ag1xjihkMZsiUkKhIAIfkECQoAAAAsAAAAABAAEAAAAzYIujIjK8pByJDMlFYvBoVjHA70GU7xSUJhmKtwHPAKzLO9HMaoKwJZ7Rf8AYPDDzKpZBqfvwQAIfkECQoAAAAsAAAAABAAEAAAAzMIumIlK8oyhpHsnFZfhYumCYUhDAQxRIdhHBGqRoKw0R8DYlJd8z0fMDgsGo\/IpHI5TAAAIfkECQoAAAAsAAAAABAAEAAAAzIIunInK0rnZBTwGPNMgQwmdsNgXGJUlIWEuR5oWUIpz8pAEAMe6TwfwyYsGo\/IpFKSAAAh+QQJCgAAACwAAAAAEAAQAAADMwi6IMKQORfjdOe82p4wGccc4CEuQradylesojEMBgsUc2G7sDX3lQGBMLAJibufbSlKAAAh+QQJCgAAACwAAAAAEAAQAAADMgi63P7wCRHZnFVdmgHu2nFwlWCI3WGc3TSWhUFGxTAUkGCbtgENBMJAEJsxgMLWzpEAACH5BAkKAAAALAAAAAAQABAAAAMyCLrc\/jDKSatlQtScKdceCAjDII7HcQ4EMTCpyrCuUBjCYRgHVtqlAiB1YhiCnlsRkAAAOwAAAAAAAAAAAA==') !important;\n\tbackground-repeat: no-repeat !important;\n\tbackground-position: center 100px !important;\n\theight: 100%;\n}\n<\/style>\n\n\t<div id=\"rafflepress-giveaway-iframe-wrapper-76112813\" class=\"rafflepress-giveaway-iframe-wrapper rafflepress_iframe_loading\"><\/div>\n\n<script>\nfunction rafflepress_getParameterByName(name, url) {\n\t  if (!url) url = window.location.href;\n\t  name = name.replace(\/[\\[\\]]\/g, \"\\\\$&\");\n\t  var regex = new RegExp(\"[?&]\" + name + \"(=([^&#]*)|&|#|$)\"),\n\t\tresults = regex.exec(url);\n\t  if (!results) return \"\";\n\t  if (!results[2]) return \"\";\n\t  return decodeURIComponent(results[2].replace(\/\\+\/g, \" \"));\n}\nfunction insertIframe( ID, src, minHeight) {\n\tvar wrapperID = 'rafflepress-giveaway-iframe-wrapper-'+ID;\n\tvar iframe = document.createElement('iframe');\n\n\tiframe.setAttribute('id', 'rafflepress-'+ID);\n\tiframe.setAttribute('class', 'rafflepress-iframe');\n\tiframe.setAttribute('src', src);\n\tiframe.setAttribute('frameborder', '0');\n\tiframe.setAttribute('scrolling', 'no');\n\tiframe.setAttribute('allowtransparency', 'true');\n\tif (minHeight) {\n\t\tiframe.setAttribute('style', 'min-height:'+minHeight);\n\t}\n\tiframe.setAttribute('onload', 'rafflepress_resize_iframe_'+ID+'(this)');\n\n\tdocument.getElementById(wrapperID).appendChild(iframe);\n}\n\n\/\/ phpcs:disable\ninsertIframe( '76112813','https:\/\/attakus.community\/en\/?rafflepress_page=rafflepress_render&rafflepress_id=23&iframe=1&giframe=false&rpr=&parent_url=https%3A%2F%2Fattakus.community%2Fen%2Fwp-json%2Fwp%2Fv2%2Fpages%2F26404&85366&rp-email='+rafflepress_getParameterByName('rp-email',location.href)+'&rp-name='+rafflepress_getParameterByName('rp-name',location.href),'' );\n\/\/ phpcs:enable\n<\/script>\n\n<script>\nfunction rafflepress_resize_iframe_76112813(){\n\tiFrameResize({\n\t\tlog: false,\n\t\tonMessage: function(messageData) {\n\t\t\tif (messageData.message == 'rafflepress_loaded') {\n\t\t\t\tvar el = document.getElementById('rafflepress-giveaway-iframe-wrapper-76112813');\n\t\t\t\tvar className = \"rafflepress_iframe_loading\";\n\t\t\t\tif (el.classList)\n\t\t\t\t\tel.classList.remove(className);\n\t\t\t\telse\n\t\t\t\t\tel.className = el.className.replace(new RegExp('(^|\\\\b)' + className.split(' ').join('|') +\n\t\t\t\t\t\t'(\\\\b|$)', 'gi'), ' ');\n\t\t\t}\n\t\t}\n\t}, '#rafflepress-76112813');\n};\n\n<\/script>\n\n\n\t<\/div>\n\t\t\t\t\t\t<\/div>\n\t\t\t\t<\/div>\n\t\t\t\t<\/div>\n\t\t\t\t<\/div>\n\t\t\t\t\t<\/div>\n\t\t\t\t<\/div>\n\t\t\t\t<\/div>\n\t\t","protected":false},"excerpt":{"rendered":"<p>Le jeu concours du Monde d&rsquo;Aquilon \u00c0 l&rsquo;occasion de notre campagne sur les figurines du Monde d&rsquo;Aquilon, nous vous proposons<\/p>","protected":false},"author":6,"featured_media":0,"parent":0,"menu_order":0,"comment_status":"closed","ping_status":"closed","template":"","meta":{"footnotes":""},"class_list":["post-26404","page","type-page","status-publish","hentry"],"yoast_head":"<!-- This site is optimized with the Yoast SEO plugin v27.3 - https:\/\/yoast.com\/product\/yoast-seo-wordpress\/ -->\n<title>Concours de la campagne du Monde d&#039;Aquilon - Attakus.Community<\/title>\n<meta name=\"robots\" content=\"index, follow, max-snippet:-1, max-image-preview:large, max-video-preview:-1\" \/>\n<link rel=\"canonical\" href=\"https:\/\/attakus.community\/en\/concours-de-la-campagne-du-monde-daquilon\/\" \/>\n<meta property=\"og:locale\" content=\"en_GB\" \/>\n<meta property=\"og:type\" content=\"article\" \/>\n<meta property=\"og:title\" content=\"Concours de la campagne du Monde d&#039;Aquilon - Attakus.Community\" \/>\n<meta property=\"og:description\" content=\"Le jeu concours du Monde d&rsquo;Aquilon \u00c0 l&rsquo;occasion de notre campagne sur les figurines du Monde d&rsquo;Aquilon, nous vous proposons\" \/>\n<meta property=\"og:url\" content=\"https:\/\/attakus.community\/en\/concours-de-la-campagne-du-monde-daquilon\/\" \/>\n<meta property=\"og:site_name\" content=\"Attakus.Community\" \/>\n<meta property=\"article:publisher\" content=\"https:\/\/www.facebook.com\/attakuscollection\/yoast\" \/>\n<meta property=\"article:modified_time\" content=\"2024-10-09T14:49:37+00:00\" \/>\n<meta property=\"og:image\" content=\"https:\/\/attakus.community\/wp-content\/uploads\/2024\/10\/jeu-concours-aquilon-nains-orcs-gabelins-elfes-soleil-attakus-cool-craft-scaled.webp\" \/>\n<meta name=\"twitter:card\" content=\"summary_large_image\" \/>\n<meta name=\"twitter:site\" content=\"@Attakus\" \/>\n<meta name=\"twitter:label1\" content=\"Estimated reading time\" \/>\n\t<meta name=\"twitter:data1\" content=\"1 minute\" \/>\n<script type=\"application\/ld+json\" class=\"yoast-schema-graph\">{\"@context\":\"https:\\\/\\\/schema.org\",\"@graph\":[{\"@type\":\"WebPage\",\"@id\":\"https:\\\/\\\/attakus.community\\\/concours-de-la-campagne-du-monde-daquilon\\\/\",\"url\":\"https:\\\/\\\/attakus.community\\\/concours-de-la-campagne-du-monde-daquilon\\\/\",\"name\":\"Concours de la campagne du Monde d'Aquilon - Attakus.Community\",\"isPartOf\":{\"@id\":\"https:\\\/\\\/attakus.community\\\/#website\"},\"primaryImageOfPage\":{\"@id\":\"https:\\\/\\\/attakus.community\\\/concours-de-la-campagne-du-monde-daquilon\\\/#primaryimage\"},\"image\":{\"@id\":\"https:\\\/\\\/attakus.community\\\/concours-de-la-campagne-du-monde-daquilon\\\/#primaryimage\"},\"thumbnailUrl\":\"https:\\\/\\\/attakus.community\\\/wp-content\\\/uploads\\\/2024\\\/10\\\/jeu-concours-aquilon-nains-orcs-gabelins-elfes-soleil-attakus-cool-craft-scaled.webp\",\"datePublished\":\"2024-10-09T13:34:16+00:00\",\"dateModified\":\"2024-10-09T14:49:37+00:00\",\"breadcrumb\":{\"@id\":\"https:\\\/\\\/attakus.community\\\/concours-de-la-campagne-du-monde-daquilon\\\/#breadcrumb\"},\"inLanguage\":\"en-GB\",\"potentialAction\":[{\"@type\":\"ReadAction\",\"target\":[\"https:\\\/\\\/attakus.community\\\/concours-de-la-campagne-du-monde-daquilon\\\/\"]}]},{\"@type\":\"ImageObject\",\"inLanguage\":\"en-GB\",\"@id\":\"https:\\\/\\\/attakus.community\\\/concours-de-la-campagne-du-monde-daquilon\\\/#primaryimage\",\"url\":\"https:\\\/\\\/attakus.community\\\/wp-content\\\/uploads\\\/2024\\\/10\\\/jeu-concours-aquilon-nains-orcs-gabelins-elfes-soleil-attakus-cool-craft-scaled.webp\",\"contentUrl\":\"https:\\\/\\\/attakus.community\\\/wp-content\\\/uploads\\\/2024\\\/10\\\/jeu-concours-aquilon-nains-orcs-gabelins-elfes-soleil-attakus-cool-craft-scaled.webp\"},{\"@type\":\"BreadcrumbList\",\"@id\":\"https:\\\/\\\/attakus.community\\\/concours-de-la-campagne-du-monde-daquilon\\\/#breadcrumb\",\"itemListElement\":[{\"@type\":\"ListItem\",\"position\":1,\"name\":\"Accueil\",\"item\":\"https:\\\/\\\/attakus.community\\\/\"},{\"@type\":\"ListItem\",\"position\":2,\"name\":\"Concours de la campagne du Monde d&#8217;Aquilon\"}]},{\"@type\":\"WebSite\",\"@id\":\"https:\\\/\\\/attakus.community\\\/#website\",\"url\":\"https:\\\/\\\/attakus.community\\\/\",\"name\":\"Attakus.Community\",\"description\":\"Attakus Community, un site de financement par pr\u00e9commande\",\"publisher\":{\"@id\":\"https:\\\/\\\/attakus.community\\\/#organization\"},\"potentialAction\":[{\"@type\":\"SearchAction\",\"target\":{\"@type\":\"EntryPoint\",\"urlTemplate\":\"https:\\\/\\\/attakus.community\\\/?s={search_term_string}\"},\"query-input\":{\"@type\":\"PropertyValueSpecification\",\"valueRequired\":true,\"valueName\":\"search_term_string\"}}],\"inLanguage\":\"en-GB\"},{\"@type\":\"Organization\",\"@id\":\"https:\\\/\\\/attakus.community\\\/#organization\",\"name\":\"Attakus Community\",\"alternateName\":\"Attakus\",\"url\":\"https:\\\/\\\/attakus.community\\\/\",\"logo\":{\"@type\":\"ImageObject\",\"inLanguage\":\"en-GB\",\"@id\":\"https:\\\/\\\/attakus.community\\\/#\\\/schema\\\/logo\\\/image\\\/\",\"url\":\"https:\\\/\\\/attakus.community\\\/wp-content\\\/uploads\\\/2023\\\/11\\\/cropped-logo-attakus-commnity-rond-vide.png\",\"contentUrl\":\"https:\\\/\\\/attakus.community\\\/wp-content\\\/uploads\\\/2023\\\/11\\\/cropped-logo-attakus-commnity-rond-vide.png\",\"width\":512,\"height\":512,\"caption\":\"Attakus Community\"},\"image\":{\"@id\":\"https:\\\/\\\/attakus.community\\\/#\\\/schema\\\/logo\\\/image\\\/\"},\"sameAs\":[\"https:\\\/\\\/www.facebook.com\\\/attakuscollection\\\/yoast\",\"https:\\\/\\\/x.com\\\/Attakus\"]}]}<\/script>\n<!-- \/ Yoast SEO plugin. -->","yoast_head_json":{"title":"Concours de la campagne du Monde d'Aquilon - Attakus.Community","robots":{"index":"index","follow":"follow","max-snippet":"max-snippet:-1","max-image-preview":"max-image-preview:large","max-video-preview":"max-video-preview:-1"},"canonical":"https:\/\/attakus.community\/en\/concours-de-la-campagne-du-monde-daquilon\/","og_locale":"en_GB","og_type":"article","og_title":"Concours de la campagne du Monde d'Aquilon - Attakus.Community","og_description":"Le jeu concours du Monde d&rsquo;Aquilon \u00c0 l&rsquo;occasion de notre campagne sur les figurines du Monde d&rsquo;Aquilon, nous vous proposons","og_url":"https:\/\/attakus.community\/en\/concours-de-la-campagne-du-monde-daquilon\/","og_site_name":"Attakus.Community","article_publisher":"https:\/\/www.facebook.com\/attakuscollection\/yoast","article_modified_time":"2024-10-09T14:49:37+00:00","og_image":[{"url":"https:\/\/attakus.community\/wp-content\/uploads\/2024\/10\/jeu-concours-aquilon-nains-orcs-gabelins-elfes-soleil-attakus-cool-craft-scaled.webp","type":"","width":"","height":""}],"twitter_card":"summary_large_image","twitter_site":"@Attakus","twitter_misc":{"Estimated reading time":"1 minute"},"schema":{"@context":"https:\/\/schema.org","@graph":[{"@type":"WebPage","@id":"https:\/\/attakus.community\/concours-de-la-campagne-du-monde-daquilon\/","url":"https:\/\/attakus.community\/concours-de-la-campagne-du-monde-daquilon\/","name":"Concours de la campagne du Monde d'Aquilon - Attakus.Community","isPartOf":{"@id":"https:\/\/attakus.community\/#website"},"primaryImageOfPage":{"@id":"https:\/\/attakus.community\/concours-de-la-campagne-du-monde-daquilon\/#primaryimage"},"image":{"@id":"https:\/\/attakus.community\/concours-de-la-campagne-du-monde-daquilon\/#primaryimage"},"thumbnailUrl":"https:\/\/attakus.community\/wp-content\/uploads\/2024\/10\/jeu-concours-aquilon-nains-orcs-gabelins-elfes-soleil-attakus-cool-craft-scaled.webp","datePublished":"2024-10-09T13:34:16+00:00","dateModified":"2024-10-09T14:49:37+00:00","breadcrumb":{"@id":"https:\/\/attakus.community\/concours-de-la-campagne-du-monde-daquilon\/#breadcrumb"},"inLanguage":"en-GB","potentialAction":[{"@type":"ReadAction","target":["https:\/\/attakus.community\/concours-de-la-campagne-du-monde-daquilon\/"]}]},{"@type":"ImageObject","inLanguage":"en-GB","@id":"https:\/\/attakus.community\/concours-de-la-campagne-du-monde-daquilon\/#primaryimage","url":"https:\/\/attakus.community\/wp-content\/uploads\/2024\/10\/jeu-concours-aquilon-nains-orcs-gabelins-elfes-soleil-attakus-cool-craft-scaled.webp","contentUrl":"https:\/\/attakus.community\/wp-content\/uploads\/2024\/10\/jeu-concours-aquilon-nains-orcs-gabelins-elfes-soleil-attakus-cool-craft-scaled.webp"},{"@type":"BreadcrumbList","@id":"https:\/\/attakus.community\/concours-de-la-campagne-du-monde-daquilon\/#breadcrumb","itemListElement":[{"@type":"ListItem","position":1,"name":"Accueil","item":"https:\/\/attakus.community\/"},{"@type":"ListItem","position":2,"name":"Concours de la campagne du Monde d&#8217;Aquilon"}]},{"@type":"WebSite","@id":"https:\/\/attakus.community\/#website","url":"https:\/\/attakus.community\/","name":"Attakus.Community","description":"Attakus Community, un site de financement par pr\u00e9commande","publisher":{"@id":"https:\/\/attakus.community\/#organization"},"potentialAction":[{"@type":"SearchAction","target":{"@type":"EntryPoint","urlTemplate":"https:\/\/attakus.community\/?s={search_term_string}"},"query-input":{"@type":"PropertyValueSpecification","valueRequired":true,"valueName":"search_term_string"}}],"inLanguage":"en-GB"},{"@type":"Organization","@id":"https:\/\/attakus.community\/#organization","name":"Attakus Community","alternateName":"Attakus","url":"https:\/\/attakus.community\/","logo":{"@type":"ImageObject","inLanguage":"en-GB","@id":"https:\/\/attakus.community\/#\/schema\/logo\/image\/","url":"https:\/\/attakus.community\/wp-content\/uploads\/2023\/11\/cropped-logo-attakus-commnity-rond-vide.png","contentUrl":"https:\/\/attakus.community\/wp-content\/uploads\/2023\/11\/cropped-logo-attakus-commnity-rond-vide.png","width":512,"height":512,"caption":"Attakus Community"},"image":{"@id":"https:\/\/attakus.community\/#\/schema\/logo\/image\/"},"sameAs":["https:\/\/www.facebook.com\/attakuscollection\/yoast","https:\/\/x.com\/Attakus"]}]}},"_links":{"self":[{"href":"https:\/\/attakus.community\/en\/wp-json\/wp\/v2\/pages\/26404","targetHints":{"allow":["GET"]}}],"collection":[{"href":"https:\/\/attakus.community\/en\/wp-json\/wp\/v2\/pages"}],"about":[{"href":"https:\/\/attakus.community\/en\/wp-json\/wp\/v2\/types\/page"}],"author":[{"embeddable":true,"href":"https:\/\/attakus.community\/en\/wp-json\/wp\/v2\/users\/6"}],"replies":[{"embeddable":true,"href":"https:\/\/attakus.community\/en\/wp-json\/wp\/v2\/comments?post=26404"}],"version-history":[{"count":32,"href":"https:\/\/attakus.community\/en\/wp-json\/wp\/v2\/pages\/26404\/revisions"}],"predecessor-version":[{"id":26487,"href":"https:\/\/attakus.community\/en\/wp-json\/wp\/v2\/pages\/26404\/revisions\/26487"}],"wp:attachment":[{"href":"https:\/\/attakus.community\/en\/wp-json\/wp\/v2\/media?parent=26404"}],"curies":[{"name":"wp","href":"https:\/\/api.w.org\/{rel}","templated":true}]}}