{"id":17826,"date":"2023-11-08T09:30:28","date_gmt":"2023-11-08T08:30:28","guid":{"rendered":"https:\/\/attakus.community\/?page_id=17826"},"modified":"2023-12-01T09:27:11","modified_gmt":"2023-12-01T08:27:11","slug":"temoignages","status":"publish","type":"page","link":"https:\/\/attakus.community\/en\/temoignages\/","title":{"rendered":"Testimonials"},"content":{"rendered":"\t\t<div data-elementor-type=\"wp-page\" data-elementor-id=\"17826\" class=\"elementor elementor-17826\">\n\t\t\t\t<div class=\"wd-negative-gap elementor-element elementor-element-f4bbe85 wd-section-stretch e-flex e-con-boxed e-con e-parent\" data-id=\"f4bbe85\" data-element_type=\"container\" data-e-type=\"container\" data-settings=\"{&quot;background_background&quot;:&quot;classic&quot;,&quot;shape_divider_bottom&quot;:&quot;wave-brush&quot;}\">\n\t\t\t\t\t<div class=\"e-con-inner\">\n\t\t\t\t<div class=\"elementor-shape elementor-shape-bottom\" aria-hidden=\"true\" data-negative=\"false\">\n\t\t\t<svg xmlns=\"http:\/\/www.w3.org\/2000\/svg\" viewBox=\"0 0 283.5 27.8\" preserveAspectRatio=\"none\">\n\t<path class=\"elementor-shape-fill\" d=\"M283.5,9.7c0,0-7.3,4.3-14,4.6c-6.8,0.3-12.6,0-20.9-1.5c-11.3-2-33.1-10.1-44.7-5.7\ts-12.1,4.6-18,7.4c-6.6,3.2-20,9.6-36.6,9.3C131.6,23.5,99.5,7.2,86.3,8c-1.4,0.1-6.6,0.8-10.5,2c-3.8,1.2-9.4,3.8-17,4.7\tc-3.2,0.4-8.3,1.1-14.2,0.9c-1.5-0.1-6.3-0.4-12-1.6c-5.7-1.2-11-3.1-15.8-3.7C6.5,9.2,0,10.8,0,10.8V0h283.5V9.7z M260.8,11.3\tc-0.7-1-2-0.4-4.3-0.4c-2.3,0-6.1-1.2-5.8-1.1c0.3,0.1,3.1,1.5,6,1.9C259.7,12.2,261.4,12.3,260.8,11.3z M242.4,8.6\tc0,0-2.4-0.2-5.6-0.9c-3.2-0.8-10.3-2.8-15.1-3.5c-8.2-1.1-15.8,0-15.1,0.1c0.8,0.1,9.6-0.6,17.6,1.1c3.3,0.7,9.3,2.2,12.4,2.7\tC239.9,8.7,242.4,8.6,242.4,8.6z M185.2,8.5c1.7-0.7-13.3,4.7-18.5,6.1c-2.1,0.6-6.2,1.6-10,2c-3.9,0.4-8.9,0.4-8.8,0.5\tc0,0.2,5.8,0.8,11.2,0c5.4-0.8,5.2-1.1,7.6-1.6C170.5,14.7,183.5,9.2,185.2,8.5z M199.1,6.9c0.2,0-0.8-0.4-4.8,1.1\tc-4,1.5-6.7,3.5-6.9,3.7c-0.2,0.1,3.5-1.8,6.6-3C197,7.5,199,6.9,199.1,6.9z M283,6c-0.1,0.1-1.9,1.1-4.8,2.5s-6.9,2.8-6.7,2.7\tc0.2,0,3.5-0.6,7.4-2.5C282.8,6.8,283.1,5.9,283,6z M31.3,11.6c0.1-0.2-1.9-0.2-4.5-1.2s-5.4-1.6-7.8-2C15,7.6,7.3,8.5,7.7,8.6\tC8,8.7,15.9,8.3,20.2,9.3c2.2,0.5,2.4,0.5,5.7,1.6S31.2,11.9,31.3,11.6z M73,9.2c0.4-0.1,3.5-1.6,8.4-2.6c4.9-1.1,8.9-0.5,8.9-0.8\tc0-0.3-1-0.9-6.2-0.3S72.6,9.3,73,9.2z M71.6,6.7C71.8,6.8,75,5.4,77.3,5c2.3-0.3,1.9-0.5,1.9-0.6c0-0.1-1.1-0.2-2.7,0.2\tC74.8,5.1,71.4,6.6,71.6,6.7z M93.6,4.4c0.1,0.2,3.5,0.8,5.6,1.8c2.1,1,1.8,0.6,1.9,0.5c0.1-0.1-0.8-0.8-2.4-1.3\tC97.1,4.8,93.5,4.2,93.6,4.4z M65.4,11.1c-0.1,0.3,0.3,0.5,1.9-0.2s2.6-1.3,2.2-1.2s-0.9,0.4-2.5,0.8C65.3,10.9,65.5,10.8,65.4,11.1\tz M34.5,12.4c-0.2,0,2.1,0.8,3.3,0.9c1.2,0.1,2,0.1,2-0.2c0-0.3-0.1-0.5-1.6-0.4C36.6,12.8,34.7,12.4,34.5,12.4z M152.2,21.1\tc-0.1,0.1-2.4-0.3-7.5-0.3c-5,0-13.6-2.4-17.2-3.5c-3.6-1.1,10,3.9,16.5,4.1C150.5,21.6,152.3,21,152.2,21.1z\"\/>\n\t<path class=\"elementor-shape-fill\" d=\"M269.6,18c-0.1-0.1-4.6,0.3-7.2,0c-7.3-0.7-17-3.2-16.6-2.9c0.4,0.3,13.7,3.1,17,3.3\tC267.7,18.8,269.7,18,269.6,18z\"\/>\n\t<path class=\"elementor-shape-fill\" d=\"M227.4,9.8c-0.2-0.1-4.5-1-9.5-1.2c-5-0.2-12.7,0.6-12.3,0.5c0.3-0.1,5.9-1.8,13.3-1.2\tS227.6,9.9,227.4,9.8z\"\/>\n\t<path class=\"elementor-shape-fill\" d=\"M204.5,13.4c-0.1-0.1,2-1,3.2-1.1c1.2-0.1,2,0,2,0.3c0,0.3-0.1,0.5-1.6,0.4\tC206.4,12.9,204.6,13.5,204.5,13.4z\"\/>\n\t<path class=\"elementor-shape-fill\" d=\"M201,10.6c0-0.1-4.4,1.2-6.3,2.2c-1.9,0.9-6.2,3.1-6.1,3.1c0.1,0.1,4.2-1.6,6.3-2.6\tS201,10.7,201,10.6z\"\/>\n\t<path class=\"elementor-shape-fill\" d=\"M154.5,26.7c-0.1-0.1-4.6,0.3-7.2,0c-7.3-0.7-17-3.2-16.6-2.9c0.4,0.3,13.7,3.1,17,3.3\tC152.6,27.5,154.6,26.8,154.5,26.7z\"\/>\n\t<path class=\"elementor-shape-fill\" d=\"M41.9,19.3c0,0,1.2-0.3,2.9-0.1c1.7,0.2,5.8,0.9,8.2,0.7c4.2-0.4,7.4-2.7,7-2.6\tc-0.4,0-4.3,2.2-8.6,1.9c-1.8-0.1-5.1-0.5-6.7-0.4S41.9,19.3,41.9,19.3z\"\/>\n\t<path class=\"elementor-shape-fill\" d=\"M75.5,12.6c0.2,0.1,2-0.8,4.3-1.1c2.3-0.2,2.1-0.3,2.1-0.5c0-0.1-1.8-0.4-3.4,0\tC76.9,11.5,75.3,12.5,75.5,12.6z\"\/>\n\t<path class=\"elementor-shape-fill\" d=\"M15.6,13.2c0-0.1,4.3,0,6.7,0.5c2.4,0.5,5,1.9,5,2c0,0.1-2.7-0.8-5.1-1.4\tC19.9,13.7,15.7,13.3,15.6,13.2z\"\/>\n<\/svg>\t\t<\/div>\n\t\t\t\t<div class=\"elementor-element elementor-element-66815ff elementor-widget elementor-widget-spacer\" data-id=\"66815ff\" data-element_type=\"widget\" data-e-type=\"widget\" data-widget_type=\"spacer.default\">\n\t\t\t\t<div class=\"elementor-widget-container\">\n\t\t\t\t\t\t\t<div class=\"elementor-spacer\">\n\t\t\t<div class=\"elementor-spacer-inner\"><\/div>\n\t\t<\/div>\n\t\t\t\t\t\t<\/div>\n\t\t\t\t<\/div>\n\t\t\t\t\t<\/div>\n\t\t\t\t<\/div>\n\t\t<div class=\"wd-negative-gap elementor-element elementor-element-af3686f e-flex e-con-boxed e-con e-parent\" data-id=\"af3686f\" data-element_type=\"container\" data-e-type=\"container\" data-settings=\"{&quot;background_background&quot;:&quot;classic&quot;}\">\n\t\t\t\t\t<div class=\"e-con-inner\">\n\t\t<div class=\"elementor-element elementor-element-d726625 e-con-full e-flex e-con e-child\" data-id=\"d726625\" data-element_type=\"container\" data-e-type=\"container\">\n\t\t\t\t<div class=\"elementor-element elementor-element-8354398 elementor-widget elementor-widget-heading\" data-id=\"8354398\" data-element_type=\"widget\" data-e-type=\"widget\" data-widget_type=\"heading.default\">\n\t\t\t\t<div class=\"elementor-widget-container\">\n\t\t\t\t\t<h4 class=\"elementor-heading-title elementor-size-default\">Vous h\u00e9sitez et vous avez besoin d\u2019\u00eatre rassur\u00e9(e) ?<\/h4>\t\t\t\t<\/div>\n\t\t\t\t<\/div>\n\t\t\t\t<div class=\"elementor-element elementor-element-c4183a4 color-scheme-inherit text-left elementor-widget elementor-widget-text-editor\" data-id=\"c4183a4\" data-element_type=\"widget\" data-e-type=\"widget\" data-widget_type=\"text-editor.default\">\n\t\t\t\t<div class=\"elementor-widget-container\">\n\t\t\t\t\t\t\t\t\t<p>Bienvenue dans notre section \u00ab t\u00e9moignages \u00bb !<br \/>Prenez connaissance des avis clients et d\u00e9couvrez les retours positifs et la satisfaction de ceux qui ont saut\u00e9 le pas avant vous.<br \/>Laissez-vous guider par les t\u00e9moignages de nos clients sur leurs pr\u00e9cieuses acquisitions, les projets qu\u2019ils ont soutenus et l\u2019ensemble de leur exp\u00e9rience.<br \/>Ils sont le reflet de la confiance, de la fid\u00e9lit\u00e9 et de la satisfaction de notre client\u00e8le.<\/p>\t\t\t\t\t\t\t\t<\/div>\n\t\t\t\t<\/div>\n\t\t\t\t<\/div>\n\t\t<div class=\"elementor-element elementor-element-eaef372 e-con-full e-flex e-con e-child\" data-id=\"eaef372\" data-element_type=\"container\" data-e-type=\"container\">\n\t\t\t\t<div class=\"elementor-element elementor-element-17c7052 elementor-widget elementor-widget-shortcode\" data-id=\"17c7052\" data-element_type=\"widget\" data-e-type=\"widget\" data-widget_type=\"shortcode.default\">\n\t\t\t\t<div class=\"elementor-widget-container\">\n\t\t\t\t\t\t\t<div class=\"elementor-shortcode\"><div class=\"strong-view strong-view-id-1 default wpmtst-default slider-container carousel slider-mode-horizontal slider-adaptive controls-type-sides-outside controls-style-buttons\" data-count=\"0\" data-slider-var=\"strong_slider_id_1\" data-state=\"idle\"><div class=\"strong-content wpmslider-content\"><\/div><\/div><\/div>\n\t\t\t\t\t\t<\/div>\n\t\t\t\t<\/div>\n\t\t\t\t<\/div>\n\t\t\t\t\t<\/div>\n\t\t\t\t<\/div>\n\t\t<div class=\"wd-negative-gap elementor-element elementor-element-2fc6808 e-flex e-con-boxed e-con e-parent\" data-id=\"2fc6808\" data-element_type=\"container\" data-e-type=\"container\">\n\t\t\t\t\t<div class=\"e-con-inner\">\n\t\t<div class=\"elementor-element elementor-element-6ba7272 e-con-full e-flex e-con e-child\" data-id=\"6ba7272\" data-element_type=\"container\" data-e-type=\"container\">\n\t\t\t\t<div class=\"elementor-element elementor-element-948a03b elementor-widget elementor-widget-shortcode\" data-id=\"948a03b\" data-element_type=\"widget\" data-e-type=\"widget\" data-widget_type=\"shortcode.default\">\n\t\t\t\t<div class=\"elementor-widget-container\">\n\t\t\t\t\t\t\t<div class=\"elementor-shortcode\"><\/div>\n\t\t\t\t\t\t<\/div>\n\t\t\t\t<\/div>\n\t\t\t\t<\/div>\n\t\t<div class=\"elementor-element elementor-element-3688f15 e-con-full e-flex e-con e-child\" data-id=\"3688f15\" data-element_type=\"container\" data-e-type=\"container\" data-settings=\"{&quot;background_background&quot;:&quot;classic&quot;}\">\n\t\t\t\t<div class=\"elementor-element elementor-element-0925462 color-scheme-inherit text-left elementor-widget elementor-widget-text-editor\" data-id=\"0925462\" data-element_type=\"widget\" data-e-type=\"widget\" data-widget_type=\"text-editor.default\">\n\t\t\t\t<div class=\"elementor-widget-container\">\n\t\t\t\t\t\t\t\t\t<h3 style=\"text-align: center;\"><span style=\"color: #eab45d;\">Ajoutez votre t\u00e9moignage<\/span><\/h3><p style=\"text-align: center;\">Donner votre avis sur notre entreprise pour nous aider \u00e0 nous faire conna\u00eetre, \u00e0 rassurer nos futurs clients qui aimeraient avoir un point de vue authentique et \u00e0\u00a0faire \u00e9voluer notre offre et nos services avec vos suggestions.<\/p>\t\t\t\t\t\t\t\t<\/div>\n\t\t\t\t<\/div>\n\t\t\t\t<div class=\"elementor-element elementor-element-584c3a0 elementor-widget elementor-widget-shortcode\" data-id=\"584c3a0\" data-element_type=\"widget\" data-e-type=\"widget\" data-widget_type=\"shortcode.default\">\n\t\t\t\t<div class=\"elementor-widget-container\">\n\t\t\t\t\t\t\t<div class=\"elementor-shortcode\"><div class=\"strong-view strong-form strong-view-id-2 default-form wpmtst-default-form\" data-state=\"idle\"><div class=\"strong-form-wait\" data-formid=\"1\"><div class=\"message\"><img decoding=\"async\" src=\"https:\/\/attakus.community\/wp-content\/plugins\/strong-testimonials\/assets\/public\/svg\/spinner-solid.svg\" alt=\"Strong Testimonials form submission spinner.\"><\/div><\/div><div class=\"wpmtst-form wpmtst-form-id-1\"><div class=\"strong-form-inner\"><p class=\"required-notice\"><span class=\"required symbol\"><\/span>Obligatoire\t\t<\/p><form class=\"wpmtst-submission-form\" method=\"post\" enctype=\"multipart\/form-data\" autocomplete=\"off\" data-config=\"{&quot;scroll&quot;:{&quot;onError&quot;:true,&quot;onErrorOffset&quot;:80,&quot;onSuccess&quot;:true,&quot;onSuccessOffset&quot;:80},&quot;fields&quot;:[{&quot;name&quot;:&quot;client_name&quot;,&quot;type&quot;:&quot;text&quot;,&quot;required&quot;:1},{&quot;name&quot;:&quot;post_content&quot;,&quot;type&quot;:&quot;textarea&quot;,&quot;required&quot;:1},{&quot;name&quot;:&quot;star_rating&quot;,&quot;type&quot;:&quot;rating&quot;,&quot;required&quot;:0}],&quot;ajaxUrl&quot;:&quot;https:\\\/\\\/attakus.community\\\/wp-admin\\\/admin-ajax.php&quot;}\" data-formid = \"1\"><div style=\"display: none;\"><input type=\"hidden\" id=\"wpmtst_form_nonce\" name=\"wpmtst_form_nonce\" value=\"9ec9d41ba4\" \/><input type=\"hidden\" name=\"_wp_http_referer\" value=\"\/en\/wp-json\/wp\/v2\/pages\/17826\" \/><input type=\"hidden\" name=\"action\" value=\"wpmtst_form\"><input type=\"hidden\" name=\"form_id\" value=\"1\"><input type=\"hidden\" name=\"default_category\" value=\"\"><input type=\"hidden\" name=\"view_id\" value=\"2\"><input type=\"hidden\" name=\"category\" value=\"\"><\/div><div class=\"form-field field-client_name\"><label for=\"wpmtst_client_name\" class=\"field-client_name\">Nom complet<\/label><span class=\"required symbol\"><\/span><input id=\"wpmtst_client_name\" type=\"text\" class=\"text\" name=\"client_name\"  value=\"\" placeholder=\"\"   required tabindex=\"0\"><span class=\"after\">Quel est votre nom complet\u00a0?<\/span><\/div><div class=\"form-field field-post_content\"><label for=\"wpmtst_post_content\" class=\"field-post_content\">T\u00e9moignage<\/label><span class=\"required symbol\"><\/span><textarea id=\"wpmtst_post_content\" name=\"post_content\" class=\"textarea\"  required placeholder=\"\"  tabindex=\"0\"><\/textarea><span class=\"after\">Que pensez-vous de nous\u00a0?<\/span><\/div><div class=\"form-field field-star_rating\"><label for=\"wpmtst_star_rating\" class=\"field-star_rating\">Note<\/label><div class=\"strong-rating-wrapper field-wrap in-form\"><fieldset contenteditable=false\n\t\t\t\t\tid=\"wpmtst_star_rating\"\n\t\t\t\t\tname=\"star_rating\"\n\t\t\t\t\tclass=\"strong-rating\"\n\t\t\t\t\tdata-field-type=\"rating\"\n\t\t\t\t\ttabindex=\"0\"><legend>rating fields<\/legend><input type=\"radio\" id=\"star_rating-star0-5369\" name=\"star_rating\" value=\"0\"  checked='checked' \/><label for=\"star_rating-star0-5369\" title=\"No stars\"><\/label><input type=\"radio\" id=\"star_rating-star1-5369\" name=\"star_rating\" value=\"1\"  \/><label for=\"star_rating-star1-5369\" class=\"star\" title=\"1 star\"><svg aria-hidden=\"true\" role=\"img\" xmlns=\"http:\/\/www.w3.org\/2000\/svg\" viewBox=\"-12 -12 590 526\"><path class=\"star_regular\" d=\"M528.1 171.5L382 150.2 316.7 17.8c-11.7-23.6-45.6-23.9-57.4 0L194 150.2 47.9 171.5c-26.2 3.8-36.7 36.1-17.7 54.6l105.7 103-25 145.5c-4.5 26.3 23.2 46 46.4 33.7L288 439.6l130.7 68.7c23.2 12.2 50.9-7.4 46.4-33.7l-25-145.5 105.7-103c19-18.5 8.5-50.8-17.7-54.6zM388.6 312.3l23.7 138.4L288 385.4l-124.3 65.3 23.7-138.4-100.6-98 139-20.2 62.2-126 62.2 126 139 20.2-100.6 98z\"><\/path><path class=\"star_solid\" d=\"M259.3 17.8L194 150.2 47.9 171.5c-26.2 3.8-36.7 36.1-17.7 54.6l105.7 103-25 145.5c-4.5 26.3 23.2 46 46.4 33.7L288 439.6l130.7 68.7c23.2 12.2 50.9-7.4 46.4-33.7l-25-145.5 105.7-103c19-18.5 8.5-50.8-17.7-54.6L382 150.2 316.7 17.8c-11.7-23.6-45.6-23.9-57.4 0z\"><\/path><\/svg><\/label><input type=\"radio\" id=\"star_rating-star2-5369\" name=\"star_rating\" value=\"2\"  \/><label for=\"star_rating-star2-5369\" class=\"star\" title=\"2 stars\"><svg aria-hidden=\"true\" role=\"img\" xmlns=\"http:\/\/www.w3.org\/2000\/svg\" viewBox=\"-12 -12 590 526\"><path class=\"star_regular\" d=\"M528.1 171.5L382 150.2 316.7 17.8c-11.7-23.6-45.6-23.9-57.4 0L194 150.2 47.9 171.5c-26.2 3.8-36.7 36.1-17.7 54.6l105.7 103-25 145.5c-4.5 26.3 23.2 46 46.4 33.7L288 439.6l130.7 68.7c23.2 12.2 50.9-7.4 46.4-33.7l-25-145.5 105.7-103c19-18.5 8.5-50.8-17.7-54.6zM388.6 312.3l23.7 138.4L288 385.4l-124.3 65.3 23.7-138.4-100.6-98 139-20.2 62.2-126 62.2 126 139 20.2-100.6 98z\"><\/path><path class=\"star_solid\" d=\"M259.3 17.8L194 150.2 47.9 171.5c-26.2 3.8-36.7 36.1-17.7 54.6l105.7 103-25 145.5c-4.5 26.3 23.2 46 46.4 33.7L288 439.6l130.7 68.7c23.2 12.2 50.9-7.4 46.4-33.7l-25-145.5 105.7-103c19-18.5 8.5-50.8-17.7-54.6L382 150.2 316.7 17.8c-11.7-23.6-45.6-23.9-57.4 0z\"><\/path><\/svg><\/label><input type=\"radio\" id=\"star_rating-star3-5369\" name=\"star_rating\" value=\"3\"  \/><label for=\"star_rating-star3-5369\" class=\"star\" title=\"3 stars\"><svg aria-hidden=\"true\" role=\"img\" xmlns=\"http:\/\/www.w3.org\/2000\/svg\" viewBox=\"-12 -12 590 526\"><path class=\"star_regular\" d=\"M528.1 171.5L382 150.2 316.7 17.8c-11.7-23.6-45.6-23.9-57.4 0L194 150.2 47.9 171.5c-26.2 3.8-36.7 36.1-17.7 54.6l105.7 103-25 145.5c-4.5 26.3 23.2 46 46.4 33.7L288 439.6l130.7 68.7c23.2 12.2 50.9-7.4 46.4-33.7l-25-145.5 105.7-103c19-18.5 8.5-50.8-17.7-54.6zM388.6 312.3l23.7 138.4L288 385.4l-124.3 65.3 23.7-138.4-100.6-98 139-20.2 62.2-126 62.2 126 139 20.2-100.6 98z\"><\/path><path class=\"star_solid\" d=\"M259.3 17.8L194 150.2 47.9 171.5c-26.2 3.8-36.7 36.1-17.7 54.6l105.7 103-25 145.5c-4.5 26.3 23.2 46 46.4 33.7L288 439.6l130.7 68.7c23.2 12.2 50.9-7.4 46.4-33.7l-25-145.5 105.7-103c19-18.5 8.5-50.8-17.7-54.6L382 150.2 316.7 17.8c-11.7-23.6-45.6-23.9-57.4 0z\"><\/path><\/svg><\/label><input type=\"radio\" id=\"star_rating-star4-5369\" name=\"star_rating\" value=\"4\"  \/><label for=\"star_rating-star4-5369\" class=\"star\" title=\"4 stars\"><svg aria-hidden=\"true\" role=\"img\" xmlns=\"http:\/\/www.w3.org\/2000\/svg\" viewBox=\"-12 -12 590 526\"><path class=\"star_regular\" d=\"M528.1 171.5L382 150.2 316.7 17.8c-11.7-23.6-45.6-23.9-57.4 0L194 150.2 47.9 171.5c-26.2 3.8-36.7 36.1-17.7 54.6l105.7 103-25 145.5c-4.5 26.3 23.2 46 46.4 33.7L288 439.6l130.7 68.7c23.2 12.2 50.9-7.4 46.4-33.7l-25-145.5 105.7-103c19-18.5 8.5-50.8-17.7-54.6zM388.6 312.3l23.7 138.4L288 385.4l-124.3 65.3 23.7-138.4-100.6-98 139-20.2 62.2-126 62.2 126 139 20.2-100.6 98z\"><\/path><path class=\"star_solid\" d=\"M259.3 17.8L194 150.2 47.9 171.5c-26.2 3.8-36.7 36.1-17.7 54.6l105.7 103-25 145.5c-4.5 26.3 23.2 46 46.4 33.7L288 439.6l130.7 68.7c23.2 12.2 50.9-7.4 46.4-33.7l-25-145.5 105.7-103c19-18.5 8.5-50.8-17.7-54.6L382 150.2 316.7 17.8c-11.7-23.6-45.6-23.9-57.4 0z\"><\/path><\/svg><\/label><input type=\"radio\" id=\"star_rating-star5-5369\" name=\"star_rating\" value=\"5\"  \/><label for=\"star_rating-star5-5369\" class=\"star\" title=\"5 stars\"><svg aria-hidden=\"true\" role=\"img\" xmlns=\"http:\/\/www.w3.org\/2000\/svg\" viewBox=\"-12 -12 590 526\"><path class=\"star_regular\" d=\"M528.1 171.5L382 150.2 316.7 17.8c-11.7-23.6-45.6-23.9-57.4 0L194 150.2 47.9 171.5c-26.2 3.8-36.7 36.1-17.7 54.6l105.7 103-25 145.5c-4.5 26.3 23.2 46 46.4 33.7L288 439.6l130.7 68.7c23.2 12.2 50.9-7.4 46.4-33.7l-25-145.5 105.7-103c19-18.5 8.5-50.8-17.7-54.6zM388.6 312.3l23.7 138.4L288 385.4l-124.3 65.3 23.7-138.4-100.6-98 139-20.2 62.2-126 62.2 126 139 20.2-100.6 98z\"><\/path><path class=\"star_solid\" d=\"M259.3 17.8L194 150.2 47.9 171.5c-26.2 3.8-36.7 36.1-17.7 54.6l105.7 103-25 145.5c-4.5 26.3 23.2 46 46.4 33.7L288 439.6l130.7 68.7c23.2 12.2 50.9-7.4 46.4-33.7l-25-145.5 105.7-103c19-18.5 8.5-50.8-17.7-54.6L382 150.2 316.7 17.8c-11.7-23.6-45.6-23.9-57.4 0z\"><\/path><\/svg><\/label><\/fieldset><\/div><span class=\"after\">Voulez-vous ajouter une note ?<\/span><\/div><div class=\"form-field wpmtst-submit\"><label><input type=\"submit\" class=\"wpmtst_submit_testimonial\" name=\"wpmtst_submit_testimonial\" value=\"Ajouter un t\u00e9moignage\" class=\"button\" tabindex=\"0\"><\/label><\/div><\/form><\/div><\/div><\/div><\/div>\n\t\t\t\t\t\t<\/div>\n\t\t\t\t<\/div>\n\t\t\t\t<\/div>\n\t\t\t\t\t<\/div>\n\t\t\t\t<\/div>\n\t\t\t\t<\/div>\n\t\t","protected":false},"excerpt":{"rendered":"<p>Vous h\u00e9sitez et vous avez besoin d\u2019\u00eatre rassur\u00e9(e) ? Bienvenue dans notre section \u00ab t\u00e9moignages \u00bb !Prenez connaissance des avis<\/p>","protected":false},"author":6,"featured_media":0,"parent":0,"menu_order":0,"comment_status":"closed","ping_status":"closed","template":"","meta":{"footnotes":""},"class_list":["post-17826","page","type-page","status-publish","hentry"],"yoast_head":"<!-- This site is optimized with the Yoast SEO plugin v27.3 - https:\/\/yoast.com\/product\/yoast-seo-wordpress\/ -->\n<title>T\u00e9moignages - Attakus.Community<\/title>\n<meta name=\"description\" content=\"temoignages attakus collection et community figurines de collection starwars et bande dessinee franco-belge\" \/>\n<meta name=\"robots\" content=\"index, follow, max-snippet:-1, max-image-preview:large, max-video-preview:-1\" \/>\n<link rel=\"canonical\" href=\"https:\/\/attakus.community\/en\/temoignages\/\" \/>\n<meta property=\"og:locale\" content=\"en_GB\" \/>\n<meta property=\"og:type\" content=\"article\" \/>\n<meta property=\"og:title\" content=\"T\u00e9moignages - Attakus.Community\" \/>\n<meta property=\"og:description\" content=\"temoignages attakus collection et community figurines de collection starwars et bande dessinee franco-belge\" \/>\n<meta property=\"og:url\" content=\"https:\/\/attakus.community\/en\/temoignages\/\" \/>\n<meta property=\"og:site_name\" content=\"Attakus.Community\" \/>\n<meta property=\"article:publisher\" content=\"https:\/\/www.facebook.com\/attakuscollection\/yoast\" \/>\n<meta property=\"article:modified_time\" content=\"2023-12-01T08:27:11+00:00\" \/>\n<meta name=\"twitter:card\" content=\"summary_large_image\" \/>\n<meta name=\"twitter:site\" content=\"@Attakus\" \/>\n<meta name=\"twitter:label1\" content=\"Estimated reading time\" \/>\n\t<meta name=\"twitter:data1\" content=\"1 minute\" \/>\n<script type=\"application\/ld+json\" class=\"yoast-schema-graph\">{\"@context\":\"https:\\\/\\\/schema.org\",\"@graph\":[{\"@type\":\"WebPage\",\"@id\":\"https:\\\/\\\/attakus.community\\\/temoignages\\\/\",\"url\":\"https:\\\/\\\/attakus.community\\\/temoignages\\\/\",\"name\":\"T\u00e9moignages - Attakus.Community\",\"isPartOf\":{\"@id\":\"https:\\\/\\\/attakus.community\\\/#website\"},\"datePublished\":\"2023-11-08T08:30:28+00:00\",\"dateModified\":\"2023-12-01T08:27:11+00:00\",\"description\":\"temoignages attakus collection et community figurines de collection starwars et bande dessinee franco-belge\",\"breadcrumb\":{\"@id\":\"https:\\\/\\\/attakus.community\\\/temoignages\\\/#breadcrumb\"},\"inLanguage\":\"en-GB\",\"potentialAction\":[{\"@type\":\"ReadAction\",\"target\":[\"https:\\\/\\\/attakus.community\\\/temoignages\\\/\"]}]},{\"@type\":\"BreadcrumbList\",\"@id\":\"https:\\\/\\\/attakus.community\\\/temoignages\\\/#breadcrumb\",\"itemListElement\":[{\"@type\":\"ListItem\",\"position\":1,\"name\":\"Accueil\",\"item\":\"https:\\\/\\\/attakus.community\\\/\"},{\"@type\":\"ListItem\",\"position\":2,\"name\":\"T\u00e9moignages\"}]},{\"@type\":\"WebSite\",\"@id\":\"https:\\\/\\\/attakus.community\\\/#website\",\"url\":\"https:\\\/\\\/attakus.community\\\/\",\"name\":\"Attakus.Community\",\"description\":\"Attakus Community, un site de financement par pr\u00e9commande\",\"publisher\":{\"@id\":\"https:\\\/\\\/attakus.community\\\/#organization\"},\"potentialAction\":[{\"@type\":\"SearchAction\",\"target\":{\"@type\":\"EntryPoint\",\"urlTemplate\":\"https:\\\/\\\/attakus.community\\\/?s={search_term_string}\"},\"query-input\":{\"@type\":\"PropertyValueSpecification\",\"valueRequired\":true,\"valueName\":\"search_term_string\"}}],\"inLanguage\":\"en-GB\"},{\"@type\":\"Organization\",\"@id\":\"https:\\\/\\\/attakus.community\\\/#organization\",\"name\":\"Attakus Community\",\"alternateName\":\"Attakus\",\"url\":\"https:\\\/\\\/attakus.community\\\/\",\"logo\":{\"@type\":\"ImageObject\",\"inLanguage\":\"en-GB\",\"@id\":\"https:\\\/\\\/attakus.community\\\/#\\\/schema\\\/logo\\\/image\\\/\",\"url\":\"https:\\\/\\\/attakus.community\\\/wp-content\\\/uploads\\\/2023\\\/11\\\/cropped-logo-attakus-commnity-rond-vide.png\",\"contentUrl\":\"https:\\\/\\\/attakus.community\\\/wp-content\\\/uploads\\\/2023\\\/11\\\/cropped-logo-attakus-commnity-rond-vide.png\",\"width\":512,\"height\":512,\"caption\":\"Attakus Community\"},\"image\":{\"@id\":\"https:\\\/\\\/attakus.community\\\/#\\\/schema\\\/logo\\\/image\\\/\"},\"sameAs\":[\"https:\\\/\\\/www.facebook.com\\\/attakuscollection\\\/yoast\",\"https:\\\/\\\/x.com\\\/Attakus\"]}]}<\/script>\n<!-- \/ Yoast SEO plugin. -->","yoast_head_json":{"title":"T\u00e9moignages - Attakus.Community","description":"temoignages attakus collection et community figurines de collection starwars et bande dessinee franco-belge","robots":{"index":"index","follow":"follow","max-snippet":"max-snippet:-1","max-image-preview":"max-image-preview:large","max-video-preview":"max-video-preview:-1"},"canonical":"https:\/\/attakus.community\/en\/temoignages\/","og_locale":"en_GB","og_type":"article","og_title":"T\u00e9moignages - Attakus.Community","og_description":"temoignages attakus collection et community figurines de collection starwars et bande dessinee franco-belge","og_url":"https:\/\/attakus.community\/en\/temoignages\/","og_site_name":"Attakus.Community","article_publisher":"https:\/\/www.facebook.com\/attakuscollection\/yoast","article_modified_time":"2023-12-01T08:27:11+00:00","twitter_card":"summary_large_image","twitter_site":"@Attakus","twitter_misc":{"Estimated reading time":"1 minute"},"schema":{"@context":"https:\/\/schema.org","@graph":[{"@type":"WebPage","@id":"https:\/\/attakus.community\/temoignages\/","url":"https:\/\/attakus.community\/temoignages\/","name":"T\u00e9moignages - Attakus.Community","isPartOf":{"@id":"https:\/\/attakus.community\/#website"},"datePublished":"2023-11-08T08:30:28+00:00","dateModified":"2023-12-01T08:27:11+00:00","description":"temoignages attakus collection et community figurines de collection starwars et bande dessinee franco-belge","breadcrumb":{"@id":"https:\/\/attakus.community\/temoignages\/#breadcrumb"},"inLanguage":"en-GB","potentialAction":[{"@type":"ReadAction","target":["https:\/\/attakus.community\/temoignages\/"]}]},{"@type":"BreadcrumbList","@id":"https:\/\/attakus.community\/temoignages\/#breadcrumb","itemListElement":[{"@type":"ListItem","position":1,"name":"Accueil","item":"https:\/\/attakus.community\/"},{"@type":"ListItem","position":2,"name":"T\u00e9moignages"}]},{"@type":"WebSite","@id":"https:\/\/attakus.community\/#website","url":"https:\/\/attakus.community\/","name":"Attakus.Community","description":"Attakus Community, un site de financement par pr\u00e9commande","publisher":{"@id":"https:\/\/attakus.community\/#organization"},"potentialAction":[{"@type":"SearchAction","target":{"@type":"EntryPoint","urlTemplate":"https:\/\/attakus.community\/?s={search_term_string}"},"query-input":{"@type":"PropertyValueSpecification","valueRequired":true,"valueName":"search_term_string"}}],"inLanguage":"en-GB"},{"@type":"Organization","@id":"https:\/\/attakus.community\/#organization","name":"Attakus Community","alternateName":"Attakus","url":"https:\/\/attakus.community\/","logo":{"@type":"ImageObject","inLanguage":"en-GB","@id":"https:\/\/attakus.community\/#\/schema\/logo\/image\/","url":"https:\/\/attakus.community\/wp-content\/uploads\/2023\/11\/cropped-logo-attakus-commnity-rond-vide.png","contentUrl":"https:\/\/attakus.community\/wp-content\/uploads\/2023\/11\/cropped-logo-attakus-commnity-rond-vide.png","width":512,"height":512,"caption":"Attakus Community"},"image":{"@id":"https:\/\/attakus.community\/#\/schema\/logo\/image\/"},"sameAs":["https:\/\/www.facebook.com\/attakuscollection\/yoast","https:\/\/x.com\/Attakus"]}]}},"_links":{"self":[{"href":"https:\/\/attakus.community\/en\/wp-json\/wp\/v2\/pages\/17826","targetHints":{"allow":["GET"]}}],"collection":[{"href":"https:\/\/attakus.community\/en\/wp-json\/wp\/v2\/pages"}],"about":[{"href":"https:\/\/attakus.community\/en\/wp-json\/wp\/v2\/types\/page"}],"author":[{"embeddable":true,"href":"https:\/\/attakus.community\/en\/wp-json\/wp\/v2\/users\/6"}],"replies":[{"embeddable":true,"href":"https:\/\/attakus.community\/en\/wp-json\/wp\/v2\/comments?post=17826"}],"version-history":[{"count":18,"href":"https:\/\/attakus.community\/en\/wp-json\/wp\/v2\/pages\/17826\/revisions"}],"predecessor-version":[{"id":19137,"href":"https:\/\/attakus.community\/en\/wp-json\/wp\/v2\/pages\/17826\/revisions\/19137"}],"wp:attachment":[{"href":"https:\/\/attakus.community\/en\/wp-json\/wp\/v2\/media?parent=17826"}],"curies":[{"name":"wp","href":"https:\/\/api.w.org\/{rel}","templated":true}]}}