{"id":17207,"date":"2023-11-02T12:58:35","date_gmt":"2023-11-02T11:58:35","guid":{"rendered":"https:\/\/attakus.community\/?page_id=17207"},"modified":"2023-12-10T11:27:30","modified_gmt":"2023-12-10T10:27:30","slug":"mentions-legales","status":"publish","type":"page","link":"https:\/\/attakus.community\/en\/mentions-legales\/","title":{"rendered":"Legal"},"content":{"rendered":"<div data-elementor-type=\"wp-page\" data-elementor-id=\"17207\" class=\"elementor elementor-17207\">\n\t\t\t\t<div class=\"wd-negative-gap elementor-element elementor-element-e494b1e e-flex e-con-boxed e-con e-parent\" data-id=\"e494b1e\" data-element_type=\"container\" data-e-type=\"container\">\n\t\t\t\t\t<div class=\"e-con-inner\">\n\t\t\t\t<div class=\"elementor-element elementor-element-2091d3c elementor-widget elementor-widget-image\" data-id=\"2091d3c\" data-element_type=\"widget\" data-e-type=\"widget\" data-widget_type=\"image.default\">\n\t\t\t\t<div class=\"elementor-widget-container\">\n\t\t\t\t\t\t\t\t\t\t\t\t\t\t\t<img decoding=\"async\" width=\"1300\" height=\"288\" src=\"https:\/\/attakus.community\/wp-content\/uploads\/2023\/11\/attakus-collection-figurine-de-collection-mentions-1300x288.webp\" class=\"attachment-large size-large wp-image-17210\" alt=\"\" srcset=\"https:\/\/attakus.community\/wp-content\/uploads\/2023\/11\/attakus-collection-figurine-de-collection-mentions-1300x288.webp 1300w, https:\/\/attakus.community\/wp-content\/uploads\/2023\/11\/attakus-collection-figurine-de-collection-mentions-400x89.webp 400w, https:\/\/attakus.community\/wp-content\/uploads\/2023\/11\/attakus-collection-figurine-de-collection-mentions-768x170.webp 768w, https:\/\/attakus.community\/wp-content\/uploads\/2023\/11\/attakus-collection-figurine-de-collection-mentions-1536x341.webp 1536w, https:\/\/attakus.community\/wp-content\/uploads\/2023\/11\/attakus-collection-figurine-de-collection-mentions-2048x454.webp 2048w, https:\/\/attakus.community\/wp-content\/uploads\/2023\/11\/attakus-collection-figurine-de-collection-mentions-860x191.webp 860w, https:\/\/attakus.community\/wp-content\/uploads\/2023\/11\/attakus-collection-figurine-de-collection-mentions-1320x293.webp 1320w, https:\/\/attakus.community\/wp-content\/uploads\/2023\/11\/attakus-collection-figurine-de-collection-mentions-430x95.webp 430w, https:\/\/attakus.community\/wp-content\/uploads\/2023\/11\/attakus-collection-figurine-de-collection-mentions-700x155.webp 700w, https:\/\/attakus.community\/wp-content\/uploads\/2023\/11\/attakus-collection-figurine-de-collection-mentions-200x44.webp 200w, https:\/\/attakus.community\/wp-content\/uploads\/2023\/11\/attakus-collection-figurine-de-collection-mentions-170x38.webp 170w\" sizes=\"(max-width: 1300px) 100vw, 1300px\" \/>\t\t\t\t\t\t\t\t\t\t\t\t\t\t\t<\/div>\n\t\t\t\t<\/div>\n\t\t\t\t<div class=\"elementor-element elementor-element-1d1b221 color-scheme-inherit text-left elementor-widget elementor-widget-text-editor\" data-id=\"1d1b221\" data-element_type=\"widget\" data-e-type=\"widget\" data-widget_type=\"text-editor.default\">\n\t\t\t\t<div class=\"elementor-widget-container\">\n\t\t\t\t\t\t\t\t\t<h4><strong>En pr\u00e9ambule :<\/strong><\/h4><p><strong>\u2666 <\/strong>Le site attakus.communty est la propri\u00e9t\u00e9 de la SARL Attakus Collection<\/p><p><strong>\u2666 Informations g\u00e9n\u00e9rales<\/strong><br \/>Ce site est propri\u00e9t\u00e9 de \u201cATTAKUS Collection\u201d<br \/>Raison Sociale : Attakus Collection<br \/>Si\u00e8ge social : 44 Impasse Zimmer, 34000 Montpellier<br \/>Ce site est maintenu \u00e0 jour par : \u201d ATTAKUS\u00a0 Collection\u201d<br \/>Ce site est h\u00e9berg\u00e9 par : OVH France<br \/>Contact : ATTAKUS\u00a0 (Repr\u00e9sentant l\u00e9gal): 04 67 27 12 38<br \/>Copyright : \u201cATTAKUS Collection \u2013 44 Impasse Zimmer, 34000 Montpellier\u201d<\/p><p><strong>\u2666 Repr\u00e9sentant l\u00e9gal<\/strong><br \/>Mme Agn\u00e8s CHARVIER et M Olivier SZTEJNFATER<br \/>Siret : 414 200 527 000 29 Montpellier<\/p><p>N\u00b0 TVA : SR68 414 200 527<\/p><p><strong>\u2666 Droit applicable<\/strong><br \/>Le site Internet www.attakus.community et les pr\u00e9sentes conditions g\u00e9n\u00e9rales sont soumises au droit fran\u00e7ais et sont r\u00e9dig\u00e9es en fran\u00e7ais et en version anglaise.<br \/>\u201cATTAKUS\u00a0 Collection\u201d se r\u00e9serve le droit de modifier les pr\u00e9sentes mentions \u00e0 tout moment. L\u2019utilisateur s\u2019engage \u00e0 la consulter r\u00e9guli\u00e8rement.<\/p><p><strong>\u2666 Protection des donn\u00e9es personnelles<\/strong><br \/>La consultation du site www.attakus.community est possible sans que vous ayez \u00e0 r\u00e9v\u00e9ler votre identit\u00e9 ou toute autre information \u00e0 caract\u00e8re personnel vous concernant.<br \/>La soci\u00e9t\u00e9 \u201cATTAKUS Collection\u201d s\u2019engage \u00e0 respecter votre vie priv\u00e9e et \u00e0 prot\u00e9ger les informations que vous lui communiquez.<br \/>En particulier, les donn\u00e9es personnelles collect\u00e9es sur le site Internet www.attakus.community restent confidentielles et trait\u00e9es comme telles. Le site est sous couvert d\u2019un pluging RGPD r\u00e9pondant aux exigences de la protection des donn\u00e9es personnelles objet des directives Europ\u00e9ennes de 2018.<br \/>Concernant les informations \u00e0 caract\u00e8re nominatif que vous seriez amen\u00e9s \u00e0 nous communiquer, vous b\u00e9n\u00e9ficiez d\u2019un droit d\u2019acc\u00e8s et de rectification conform\u00e9ment \u00e0 la loi fran\u00e7aise<br \/>Informatique et Libert\u00e9 n\u00b0 78-17 du 6 janvier 1978.<br \/>Vous pouvez exercer ce droit aupr\u00e8s de \u201cATTAKUS Collection\u201d.<\/p><p>Si vous \u00eates abonn\u00e9s \u00e0 des services d\u2019information par courrier \u00e9lectronique (\u201cnewsletter\u201d) vous pouvez demander \u00e0 ne plus recevoir ces courriers.<br \/>Nous vous signalons qu\u2019afin de vous proposer des produits et services toujours plus adapt\u00e9s et de b\u00e9n\u00e9ficier par exemple de promotions, certaines informations \u00e0 caract\u00e8re non personnel, relatives \u00e0 votre activit\u00e9 sur ce site, seront automatiquement collect\u00e9es et conserv\u00e9 dans votre compte personnel.<br \/>Ces informations sont destin\u00e9es \u00e0 \u201cATTAKUS Collection\u201d et pourront \u00e9galement \u00eatre utilis\u00e9es dans le cadre d\u2019op\u00e9rations commerciales ou de marketing ou servir de base \u00e0 des \u00e9tudes et analyses. Ces informations ne seront en aucun cas communiqu\u00e9es \u00e0 des tiers.<br \/>Seul le personnel de \u201cATTAKUS Collection\u201d a acc\u00e8s aux donn\u00e9es.<\/p><p><strong>\u2666 S\u00e9curit\u00e9<\/strong><br \/>Nous prenons toutes les pr\u00e9cautions utiles afin de pr\u00e9server l\u2019int\u00e9grit\u00e9 des donn\u00e9es, leur confidentialit\u00e9 et emp\u00eacher toute communication \u00e0 des tiers non autoris\u00e9s.<\/p><p><strong>\u2666 Liens hypertextes<\/strong><br \/>La mise en place d\u2019un lien hypertexte vers le site www.attakus.community ne n\u00e9cessite pas d\u2019autorisation pr\u00e9alable et \u00e9crite de \u201cATTAKUS Collection\u201d<br \/>N\u00e9anmoins, \u201cATTAKUS\u00a0 Collection\u201d doit en \u00eatre inform\u00e9 dans un d\u00e9lai maximum de 30 jours apr\u00e8s la mise en place du lien.<br \/>En tout \u00e9tat de cause, \u201cATTAKUS Collection\u201d n\u2019est en aucun cas tenue responsable du contenu ainsi que des produits ou services propos\u00e9s sur les sites auxquels le site www.attakus.art se trouverait li\u00e9 par des liens hypertextes ou tout autre type de lien.<\/p><p><strong>\u2666 Droits de propri\u00e9t\u00e9 intellectuelle<\/strong><br \/>\u201cATTAKUS Collection\u201d avise les utilisateurs de ce site que de nombreux \u00e9l\u00e9ments de ce site :<br \/>\u2013 sont prot\u00e9g\u00e9s par la l\u00e9gislation sur le droit d\u2019auteur : ce peut \u00eatre notamment le cas des photographies, des articles, des dessins, des s\u00e9quences anim\u00e9es, etc..<br \/>\u2013 et\/ou sont prot\u00e9g\u00e9s par la l\u00e9gislation sur les dessins et mod\u00e8les<br \/>\u2013 sont prot\u00e9g\u00e9s par la l\u00e9gislation sur les marques<\/p><p>Les \u00e9l\u00e9ments ainsi prot\u00e9g\u00e9s sont la propri\u00e9t\u00e9 de \u201cATTAKUS Collection\u201d ou de tiers ayant autoris\u00e9 \u201cATTAKUS\u00a0 Collection\u201d \u00e0 les exploiter. Un consentement des parents pour les photos d\u2019enfants et adultes a \u00e9t\u00e9 obtenu pour leur publication.<\/p><p>Ces photos restent la propri\u00e9t\u00e9 exclusive de \u201cATTAKUS Collection\u201d, aucune utilisation de ces photos avec enfants et adultes n\u2019est autoris\u00e9e.<br \/>Toute reproduction, repr\u00e9sentation, utilisation, adaptation, modification, incorporation, traduction, commercialisation, partielles ou int\u00e9grales par quelque proc\u00e9d\u00e9 et sur quelque support que ce soit (papier, num\u00e9rique, \u2026) sont interdites, sans l\u2019autorisation \u00e9crite pr\u00e9alable de \u201cATTAKUS Collection\u201d, hormis les exceptions vis\u00e9es \u00e0 l\u2019article L 122.5 du Code de la Propri\u00e9t\u00e9 Intellectuelle, sous peine de constituer un d\u00e9lit de contrefa\u00e7on de droit d\u2019auteur et\/ou de dessins et mod\u00e8les et\/ou de marque, puni de deux ans d\u2019emprisonnement et de 150 000\u20ac d\u2019amende.<\/p><p><strong>\u2666 Droits d\u2019auteur et\/ou Droits sur les Dessins et Mod\u00e8les<\/strong><br \/>Conform\u00e9ment \u00e0 l\u2019article L122-5 du Code de la Propri\u00e9t\u00e9 Intellectuelle, les photographies, textes, slogans, dessins, images, s\u00e9quences anim\u00e9es sonores ou non ainsi que toutes les \u0153uvres int\u00e9gr\u00e9es dans le site sont la propri\u00e9t\u00e9 de \u201cATTAKUS Collection\u201d ou de tiers ayant autoris\u00e9 \u00e0 les utiliser.<\/p><p><strong>\u2666 Informations relatives aux produits<\/strong><br \/>Dans le cadre d\u2019une politique d\u2019am\u00e9lioration constante de ses produits et services, \u201cATTAKUS \u2013 Collection\u201d peut modifier \u00e0 tout moment les caract\u00e9ristiques de ses offres.<br \/>Les produits et\/ou services pr\u00e9sent\u00e9s sur ce site sont ceux distribu\u00e9s en France m\u00e9tropolitaine et dans certains pays comme Angleterre, Allemagne, Suisse, Belgique, Espagne.<br \/>En tout \u00e9tat de cause, les informations contenues sur ce site sont des informations \u00e0 caract\u00e8re g\u00e9n\u00e9ral et n\u2019ont pas valeur contractuelle.<\/p><p><strong>\u2666 Nos Produits et Prix<\/strong><\/p><p>Les produits sont vendus neufs. Les prix sont indiqu\u00e9s en euros toutes taxes (TVA et autres taxes) comprises hors participation aux frais de port et sont valables tant qu\u00b4ils sont pr\u00e9sents \u00e0 l\u00b4\u00e9cran. Les produits demeurent la propri\u00e9t\u00e9 d&rsquo;Attakus Collection jusqu\u00b4au complet encaissement.<\/p><p><strong>\u2666 Limitation de responsabilit\u00e9<\/strong><br \/>Vous utilisez le site www.attakus.community sous votre seule et enti\u00e8re responsabilit\u00e9.<br \/>\u201cATTAKUS\u00a0 Collection\u201d ne pourra \u00eatre tenu pour responsable des dommages directs ou indirects, tels que, notamment, pr\u00e9judice mat\u00e9riel, pertes de donn\u00e9es ou de programme, pr\u00e9judice financier, r\u00e9sultant de l\u2019utilisation de ce site ou de sites qui lui sont li\u00e9s.<\/p><p><strong>\u2666 Mise \u00e0 jour<\/strong><br \/>\u201cATTAKUS \u2013Collection\u201d se r\u00e9serve le droit de modifier et de mettre \u00e0 jour, sans pr\u00e9avis, les pr\u00e9sentes mentions l\u00e9gales et tous les \u00e9l\u00e9ments, produits pr\u00e9sent\u00e9s sur le site.<br \/>L\u2019ensemble de ces modifications s\u2019impose aux internautes qui doivent consulter les pr\u00e9sentes Conditions G\u00e9n\u00e9rales lors de chaque connexion.<\/p><p><strong>\u2666 Donn\u00e9es statistiques de suivi<\/strong><br \/>Nous utilisons les donn\u00e9es de connexion pour nos statistiques de consultation (type de navigateur, nombre de visiteurs, rubriques visit\u00e9es\u2026) \u00e0 travers Google Analytics.<br \/>Pour l\u2019optimisation de notre site en terme de rubriques et de navigation, mais ces informations ne sont pas transmises \u00e0 des tiers.<\/p><p><strong>\u2666 Exp\u00e9ditions des produits<\/strong><\/p><p>Les Conditions g\u00e9n\u00e9rales de ventes CGV, consultables sur le site sur la page de pr\u00e9sentation de chacun des articles, pr\u00e9cise les dispositions pour l\u2019exp\u00e9dition des produits.<\/p><p>Les produits peuvent \u00eatre achet\u00e9 en ligne sur le site \u00ab ATTAKUS.community \u00bb ou \u00eatre retir\u00e9s directement en Boutique \u00e0 l\u2019adresse : 44 Impasse Zimmer, 34000 Montpellier. Dans ce dernier cas, il sera n\u00e9cessaire de t\u00e9l\u00e9phoner en amont (<a href=\"https:\/\/www.google.com\/search?q=attakus+montpellier&amp;oq=ATTakus+MONT&amp;aqs=chrome.0.69i59j69i57j69i64l2.7168j0j7&amp;sourceid=chrome&amp;ie=UTF-8#\" data-dtype=\"d3ifr\" data-local-attribute=\"d3ph\" data-ved=\"2ahUKEwiN2Oif0uDxAhWK3OAKHeLhD6UQkAgoADAbegQINBAD\">04 67 27 12 38<\/a>) pour la pr\u00e9paration du produit.<\/p><p><strong>\u2666 Information sur les Frais de Port<\/strong><\/p><p>Attakus.fr (et\/ou .com) et attakus.community utilisent les services de la Poste aux tarifs en <em>Colissimo suivi 48H<\/em>\u00a0pour la France. Nous utilisons\u00a0<em>GLS<\/em>\u00a0et\u00a0<em>Colissimo suivi<\/em>\u00a0pour l\u2019\u00e9tranger.<\/p><p><strong>\u2666 Information sur les paiements<\/strong><br \/>Attakus.fr (et\/ou .com) utilise, entre autres, la banque\u00a0<strong>Paypal<\/strong>\u00a0pour les paiements s\u00e9curis\u00e9s. Vous pouvez aussi payer avec votre carte bancaire via le syst\u00e8me s\u00e9curis\u00e9 de notre banque CIC, par ch\u00e8que, ou nous faire un virement bancaire.<\/p><p><strong>\u2666 Conditions g\u00e9n\u00e9rales de ventes<\/strong><br \/>Quand vous cliquez sur le bouton \u00ab\u00a0Valider\u00a0\u00bb apr\u00e8s le processus de commande, vous d\u00e9clarez avoir pris connaissance et accept\u00e9 les\u00a0Conditions G\u00e9n\u00e9rales de Vente d&rsquo;attakus.community pleinement et sans r\u00e9serve.<\/p><p><strong>\u2666 Assistance Technique<\/strong><\/p><p>Notre \u00e9quipe de \u201cATTAKUS Collection\u201d se tient \u00e0 votre disposition par t\u00e9l\u00e9phone (<a href=\"https:\/\/www.google.com\/search?q=attakus+montpellier&amp;oq=ATTakus+MONT&amp;aqs=chrome.0.69i59j69i57j69i64l2.7168j0j7&amp;sourceid=chrome&amp;ie=UTF-8#\" data-dtype=\"d3ifr\" data-local-attribute=\"d3ph\" data-ved=\"2ahUKEwiN2Oif0uDxAhWK3OAKHeLhD6UQkAgoADAbegQINBAD\">04 67 27 12 38<\/a>) du lundi au vendredi de 9h30 \u00e0 12h30 de 14h00 \u00e0 18h00 ou par mail (info@attakus.fr) pour vous conseiller avant l\u2019achat ou r\u00e9pondre \u00e0 vos attentes dans le cadre de l\u2019apr\u00e8s-vente.<\/p>\t\t\t\t\t\t\t\t<\/div>\n\t\t\t\t<\/div>\n\t\t\t\t\t<\/div>\n\t\t\t\t<\/div>\n\t\t\t\t<\/div>","protected":false},"excerpt":{"rendered":"<p>En pr\u00e9ambule : \u2666 Le site attakus.communty est la propri\u00e9t\u00e9 de la SARL Attakus Collection \u2666 Informations g\u00e9n\u00e9ralesCe site est<\/p>","protected":false},"author":59,"featured_media":0,"parent":0,"menu_order":0,"comment_status":"closed","ping_status":"closed","template":"","meta":{"footnotes":""},"class_list":["post-17207","page","type-page","status-publish","hentry"],"yoast_head":"<!-- This site is optimized with the Yoast SEO plugin v27.3 - https:\/\/yoast.com\/product\/yoast-seo-wordpress\/ -->\n<title>Mentions l\u00e9gales - Attakus.Community<\/title>\n<meta name=\"description\" content=\"mentions legales attakus community site de financement pas precommande de produits issues de la pop culture\" \/>\n<meta name=\"robots\" content=\"index, follow, max-snippet:-1, max-image-preview:large, max-video-preview:-1\" \/>\n<link rel=\"canonical\" href=\"https:\/\/attakus.community\/en\/mentions-legales\/\" \/>\n<meta property=\"og:locale\" content=\"en_GB\" \/>\n<meta property=\"og:type\" content=\"article\" \/>\n<meta property=\"og:title\" content=\"Mentions l\u00e9gales - Attakus.Community\" \/>\n<meta property=\"og:description\" content=\"mentions legales attakus community site de financement pas precommande de produits issues de la pop culture\" \/>\n<meta property=\"og:url\" content=\"https:\/\/attakus.community\/en\/mentions-legales\/\" \/>\n<meta property=\"og:site_name\" content=\"Attakus.Community\" \/>\n<meta property=\"article:publisher\" content=\"https:\/\/www.facebook.com\/attakuscollection\/yoast\" \/>\n<meta property=\"article:modified_time\" content=\"2023-12-10T10:27:30+00:00\" \/>\n<meta property=\"og:image\" content=\"https:\/\/attakus.community\/wp-content\/uploads\/2023\/11\/attakus-collection-figurine-de-collection-mentions-1300x288.webp\" \/>\n<meta name=\"twitter:card\" content=\"summary_large_image\" \/>\n<meta name=\"twitter:site\" content=\"@Attakus\" \/>\n<meta name=\"twitter:label1\" content=\"Estimated reading time\" \/>\n\t<meta name=\"twitter:data1\" content=\"7 minutes\" \/>\n<script type=\"application\/ld+json\" class=\"yoast-schema-graph\">{\"@context\":\"https:\\\/\\\/schema.org\",\"@graph\":[{\"@type\":\"WebPage\",\"@id\":\"https:\\\/\\\/attakus.community\\\/mentions-legales\\\/\",\"url\":\"https:\\\/\\\/attakus.community\\\/mentions-legales\\\/\",\"name\":\"Mentions l\u00e9gales - Attakus.Community\",\"isPartOf\":{\"@id\":\"https:\\\/\\\/attakus.community\\\/#website\"},\"primaryImageOfPage\":{\"@id\":\"https:\\\/\\\/attakus.community\\\/mentions-legales\\\/#primaryimage\"},\"image\":{\"@id\":\"https:\\\/\\\/attakus.community\\\/mentions-legales\\\/#primaryimage\"},\"thumbnailUrl\":\"https:\\\/\\\/attakus.community\\\/wp-content\\\/uploads\\\/2023\\\/11\\\/attakus-collection-figurine-de-collection-mentions-1300x288.webp\",\"datePublished\":\"2023-11-02T11:58:35+00:00\",\"dateModified\":\"2023-12-10T10:27:30+00:00\",\"description\":\"mentions legales attakus community site de financement pas precommande de produits issues de la pop culture\",\"breadcrumb\":{\"@id\":\"https:\\\/\\\/attakus.community\\\/mentions-legales\\\/#breadcrumb\"},\"inLanguage\":\"en-GB\",\"potentialAction\":[{\"@type\":\"ReadAction\",\"target\":[\"https:\\\/\\\/attakus.community\\\/mentions-legales\\\/\"]}]},{\"@type\":\"ImageObject\",\"inLanguage\":\"en-GB\",\"@id\":\"https:\\\/\\\/attakus.community\\\/mentions-legales\\\/#primaryimage\",\"url\":\"https:\\\/\\\/attakus.community\\\/wp-content\\\/uploads\\\/2023\\\/11\\\/attakus-collection-figurine-de-collection-mentions-1300x288.webp\",\"contentUrl\":\"https:\\\/\\\/attakus.community\\\/wp-content\\\/uploads\\\/2023\\\/11\\\/attakus-collection-figurine-de-collection-mentions-1300x288.webp\"},{\"@type\":\"BreadcrumbList\",\"@id\":\"https:\\\/\\\/attakus.community\\\/mentions-legales\\\/#breadcrumb\",\"itemListElement\":[{\"@type\":\"ListItem\",\"position\":1,\"name\":\"Accueil\",\"item\":\"https:\\\/\\\/attakus.community\\\/\"},{\"@type\":\"ListItem\",\"position\":2,\"name\":\"Mentions l\u00e9gales\"}]},{\"@type\":\"WebSite\",\"@id\":\"https:\\\/\\\/attakus.community\\\/#website\",\"url\":\"https:\\\/\\\/attakus.community\\\/\",\"name\":\"Attakus.Community\",\"description\":\"Attakus Community, un site de financement par pr\u00e9commande\",\"publisher\":{\"@id\":\"https:\\\/\\\/attakus.community\\\/#organization\"},\"potentialAction\":[{\"@type\":\"SearchAction\",\"target\":{\"@type\":\"EntryPoint\",\"urlTemplate\":\"https:\\\/\\\/attakus.community\\\/?s={search_term_string}\"},\"query-input\":{\"@type\":\"PropertyValueSpecification\",\"valueRequired\":true,\"valueName\":\"search_term_string\"}}],\"inLanguage\":\"en-GB\"},{\"@type\":\"Organization\",\"@id\":\"https:\\\/\\\/attakus.community\\\/#organization\",\"name\":\"Attakus Community\",\"alternateName\":\"Attakus\",\"url\":\"https:\\\/\\\/attakus.community\\\/\",\"logo\":{\"@type\":\"ImageObject\",\"inLanguage\":\"en-GB\",\"@id\":\"https:\\\/\\\/attakus.community\\\/#\\\/schema\\\/logo\\\/image\\\/\",\"url\":\"https:\\\/\\\/attakus.community\\\/wp-content\\\/uploads\\\/2023\\\/11\\\/cropped-logo-attakus-commnity-rond-vide.png\",\"contentUrl\":\"https:\\\/\\\/attakus.community\\\/wp-content\\\/uploads\\\/2023\\\/11\\\/cropped-logo-attakus-commnity-rond-vide.png\",\"width\":512,\"height\":512,\"caption\":\"Attakus Community\"},\"image\":{\"@id\":\"https:\\\/\\\/attakus.community\\\/#\\\/schema\\\/logo\\\/image\\\/\"},\"sameAs\":[\"https:\\\/\\\/www.facebook.com\\\/attakuscollection\\\/yoast\",\"https:\\\/\\\/x.com\\\/Attakus\"]}]}<\/script>\n<!-- \/ Yoast SEO plugin. -->","yoast_head_json":{"title":"Mentions l\u00e9gales - Attakus.Community","description":"mentions legales attakus community site de financement pas precommande de produits issues de la pop culture","robots":{"index":"index","follow":"follow","max-snippet":"max-snippet:-1","max-image-preview":"max-image-preview:large","max-video-preview":"max-video-preview:-1"},"canonical":"https:\/\/attakus.community\/en\/mentions-legales\/","og_locale":"en_GB","og_type":"article","og_title":"Mentions l\u00e9gales - Attakus.Community","og_description":"mentions legales attakus community site de financement pas precommande de produits issues de la pop culture","og_url":"https:\/\/attakus.community\/en\/mentions-legales\/","og_site_name":"Attakus.Community","article_publisher":"https:\/\/www.facebook.com\/attakuscollection\/yoast","article_modified_time":"2023-12-10T10:27:30+00:00","og_image":[{"url":"https:\/\/attakus.community\/wp-content\/uploads\/2023\/11\/attakus-collection-figurine-de-collection-mentions-1300x288.webp","type":"","width":"","height":""}],"twitter_card":"summary_large_image","twitter_site":"@Attakus","twitter_misc":{"Estimated reading time":"7 minutes"},"schema":{"@context":"https:\/\/schema.org","@graph":[{"@type":"WebPage","@id":"https:\/\/attakus.community\/mentions-legales\/","url":"https:\/\/attakus.community\/mentions-legales\/","name":"Mentions l\u00e9gales - Attakus.Community","isPartOf":{"@id":"https:\/\/attakus.community\/#website"},"primaryImageOfPage":{"@id":"https:\/\/attakus.community\/mentions-legales\/#primaryimage"},"image":{"@id":"https:\/\/attakus.community\/mentions-legales\/#primaryimage"},"thumbnailUrl":"https:\/\/attakus.community\/wp-content\/uploads\/2023\/11\/attakus-collection-figurine-de-collection-mentions-1300x288.webp","datePublished":"2023-11-02T11:58:35+00:00","dateModified":"2023-12-10T10:27:30+00:00","description":"mentions legales attakus community site de financement pas precommande de produits issues de la pop culture","breadcrumb":{"@id":"https:\/\/attakus.community\/mentions-legales\/#breadcrumb"},"inLanguage":"en-GB","potentialAction":[{"@type":"ReadAction","target":["https:\/\/attakus.community\/mentions-legales\/"]}]},{"@type":"ImageObject","inLanguage":"en-GB","@id":"https:\/\/attakus.community\/mentions-legales\/#primaryimage","url":"https:\/\/attakus.community\/wp-content\/uploads\/2023\/11\/attakus-collection-figurine-de-collection-mentions-1300x288.webp","contentUrl":"https:\/\/attakus.community\/wp-content\/uploads\/2023\/11\/attakus-collection-figurine-de-collection-mentions-1300x288.webp"},{"@type":"BreadcrumbList","@id":"https:\/\/attakus.community\/mentions-legales\/#breadcrumb","itemListElement":[{"@type":"ListItem","position":1,"name":"Accueil","item":"https:\/\/attakus.community\/"},{"@type":"ListItem","position":2,"name":"Mentions l\u00e9gales"}]},{"@type":"WebSite","@id":"https:\/\/attakus.community\/#website","url":"https:\/\/attakus.community\/","name":"Attakus.Community","description":"Attakus Community, un site de financement par pr\u00e9commande","publisher":{"@id":"https:\/\/attakus.community\/#organization"},"potentialAction":[{"@type":"SearchAction","target":{"@type":"EntryPoint","urlTemplate":"https:\/\/attakus.community\/?s={search_term_string}"},"query-input":{"@type":"PropertyValueSpecification","valueRequired":true,"valueName":"search_term_string"}}],"inLanguage":"en-GB"},{"@type":"Organization","@id":"https:\/\/attakus.community\/#organization","name":"Attakus Community","alternateName":"Attakus","url":"https:\/\/attakus.community\/","logo":{"@type":"ImageObject","inLanguage":"en-GB","@id":"https:\/\/attakus.community\/#\/schema\/logo\/image\/","url":"https:\/\/attakus.community\/wp-content\/uploads\/2023\/11\/cropped-logo-attakus-commnity-rond-vide.png","contentUrl":"https:\/\/attakus.community\/wp-content\/uploads\/2023\/11\/cropped-logo-attakus-commnity-rond-vide.png","width":512,"height":512,"caption":"Attakus Community"},"image":{"@id":"https:\/\/attakus.community\/#\/schema\/logo\/image\/"},"sameAs":["https:\/\/www.facebook.com\/attakuscollection\/yoast","https:\/\/x.com\/Attakus"]}]}},"_links":{"self":[{"href":"https:\/\/attakus.community\/en\/wp-json\/wp\/v2\/pages\/17207","targetHints":{"allow":["GET"]}}],"collection":[{"href":"https:\/\/attakus.community\/en\/wp-json\/wp\/v2\/pages"}],"about":[{"href":"https:\/\/attakus.community\/en\/wp-json\/wp\/v2\/types\/page"}],"author":[{"embeddable":true,"href":"https:\/\/attakus.community\/en\/wp-json\/wp\/v2\/users\/59"}],"replies":[{"embeddable":true,"href":"https:\/\/attakus.community\/en\/wp-json\/wp\/v2\/comments?post=17207"}],"version-history":[{"count":1,"href":"https:\/\/attakus.community\/en\/wp-json\/wp\/v2\/pages\/17207\/revisions"}],"predecessor-version":[{"id":19322,"href":"https:\/\/attakus.community\/en\/wp-json\/wp\/v2\/pages\/17207\/revisions\/19322"}],"wp:attachment":[{"href":"https:\/\/attakus.community\/en\/wp-json\/wp\/v2\/media?parent=17207"}],"curies":[{"name":"wp","href":"https:\/\/api.w.org\/{rel}","templated":true}]}}